{"id":836,"date":"2024-06-18T19:40:13","date_gmt":"2024-06-18T19:40:13","guid":{"rendered":"https:\/\/impax.sidi-international.org\/termini-di-servizio\/"},"modified":"2024-06-25T17:21:45","modified_gmt":"2024-06-25T17:21:45","slug":"termini-di-servizio","status":"publish","type":"page","link":"https:\/\/impax.sidi-international.org\/it\/termini-di-servizio\/","title":{"rendered":"Termini di servizio"},"content":{"rendered":"[vc_row type=&#8221;in_container&#8221; full_screen_row_position=&#8221;middle&#8221; column_margin=&#8221;default&#8221; column_direction=&#8221;default&#8221; column_direction_tablet=&#8221;default&#8221; column_direction_phone=&#8221;default&#8221; scene_position=&#8221;center&#8221; bottom_padding=&#8221;80px&#8221; left_padding_desktop=&#8221;4vw&#8221; right_padding_desktop=&#8221;4vw&#8221; text_color=&#8221;dark&#8221; text_align=&#8221;left&#8221; row_border_radius=&#8221;none&#8221; row_border_radius_applies=&#8221;bg&#8221; overflow=&#8221;visible&#8221; overlay_strength=&#8221;0.3&#8243; gradient_direction=&#8221;left_to_right&#8221; shape_divider_position=&#8221;bottom&#8221; bg_image_animation=&#8221;none&#8221; gradient_type=&#8221;default&#8221; shape_type=&#8221;&#8221;][vc_column column_padding=&#8221;no-extra-padding&#8221; column_padding_tablet=&#8221;inherit&#8221; column_padding_phone=&#8221;inherit&#8221; column_padding_position=&#8221;all&#8221; column_element_direction_desktop=&#8221;default&#8221; column_element_spacing=&#8221;default&#8221; desktop_text_alignment=&#8221;default&#8221; tablet_text_alignment=&#8221;default&#8221; phone_text_alignment=&#8221;default&#8221; background_color_opacity=&#8221;1&#8243; background_hover_color_opacity=&#8221;1&#8243; column_backdrop_filter=&#8221;none&#8221; column_shadow=&#8221;none&#8221; column_border_radius=&#8221;none&#8221; column_link_target=&#8221;_self&#8221; column_position=&#8221;default&#8221; gradient_direction=&#8221;left_to_right&#8221; overlay_strength=&#8221;0.3&#8243; width=&#8221;1\/1&#8243; tablet_width_inherit=&#8221;default&#8221; animation_type=&#8221;default&#8221; bg_image_animation=&#8221;none&#8221; border_type=&#8221;simple&#8221; column_border_width=&#8221;none&#8221; column_border_style=&#8221;solid&#8221;][vc_column_text css=&#8221;&#8221; text_direction=&#8221;default&#8221;]\n<h2>Termini e condizioni<\/h2>\n<p>Ultimo aggiornamento: 18 giugno 2024<\/p>\n<p>Si prega di leggere attentamente questi termini e condizioni prima di utilizzare il nostro Servizio.<\/p>\n<h3>Interpretazione e definizioni<\/h3>\n<h4>Interpretazione<\/h4>\n<p>Le parole la cui lettera iniziale \u00e8 maiuscola hanno un significato definito nelle seguenti condizioni. Le seguenti definizioni hanno lo stesso significato, indipendentemente dal fatto che appaiano al singolare o al plurale.<\/p>\n<h4>Definizioni<\/h4>\n<p>Ai fini dei presenti Termini e Condizioni:<\/p>\n<ul>\n<li><strong>Per affiliata<\/strong> si intende un&#8217;entit\u00e0 che controlla, \u00e8 controllata o \u00e8 sottoposta a controllo comune con una parte, dove per &#8220;controllo&#8221; si intende la propriet\u00e0 del 50% o pi\u00f9 delle azioni, dei titoli azionari o di altri titoli che danno diritto di voto per l&#8217;elezione degli amministratori o di altri poteri di gestione.<\/li>\n<li><strong>Country<\/strong> refers to: Alaska, United States<\/li>\n<li><strong>La Societ\u00e0<\/strong> (a cui ci si riferisce come &#8220;la Societ\u00e0&#8221;, &#8220;Noi&#8221;, &#8220;Ci&#8221; o &#8220;Nostro&#8221; nel presente Contratto) si riferisce a Spark.<\/li>\n<li><strong>Dispositivo<\/strong> indica qualsiasi dispositivo in grado di accedere al Servizio, come un computer, un telefono cellulare o una tavoletta digitale.<\/li>\n<li><strong>Service<\/strong> si riferisce al sito web.<\/li>\n<li><strong>Termini e condizioni<\/strong> (indicati anche come &#8220;Termini&#8221;): i presenti Termini e condizioni che costituiscono l&#8217;intero accordo tra l&#8217;Utente e la Societ\u00e0 in merito all&#8217;utilizzo del Servizio. Questo contratto di Termini e condizioni \u00e8 stato creato con l&#8217;aiuto di <a href=\"https:\/\/www.termsfeed.com\/terms-conditions-generator\/\" target=\"_blank\" rel=\"noopener\">Generatore di termini e condizioni<\/a>.<\/li>\n<li><strong>Servizio di social media di terzi<\/strong> indica qualsiasi servizio o contenuto (inclusi dati, informazioni, prodotti o servizi) fornito da terzi che pu\u00f2 essere visualizzato, incluso o reso disponibile dal Servizio.<\/li>\n<li><strong>Sito web<\/strong> si riferisce a Spark, accessibile da <a href=\"https:\/\/impax.sidi-international.org\/\" target=\"_blank\" rel=\"external nofollow noopener\">https:\/\/impax.sidi-international.org\/<\/a><\/li>\n<li><strong>L&#8217;utente<\/strong> indica l&#8217;individuo che accede o utilizza il Servizio, o la societ\u00e0 o altra persona giuridica per conto della quale tale individuo accede o utilizza il Servizio, a seconda dei casi.<\/li>\n<\/ul>\n<h3>Riconoscimento<\/h3>\n<p>Questi sono i Termini e le Condizioni che regolano l&#8217;uso di questo Servizio e l&#8217;accordo che vige tra l&#8217;Utente e la Societ\u00e0. I presenti Termini e condizioni stabiliscono i diritti e gli obblighi di tutti gli utenti in merito all&#8217;utilizzo del Servizio.<\/p>\n<p>L&#8217;accesso e l&#8217;utilizzo del Servizio da parte dell&#8217;utente sono subordinati all&#8217;accettazione e al rispetto dei presenti Termini e condizioni. I presenti Termini e condizioni si applicano a tutti i visitatori, utenti e altri soggetti che accedono o utilizzano il Servizio.<\/p>\n<p>Accedendo o utilizzando il Servizio, l&#8217;Utente accetta di essere vincolato dai presenti Termini e condizioni. Se l&#8217;Utente non \u00e8 d&#8217;accordo con una qualsiasi parte dei presenti Termini e condizioni, non pu\u00f2 accedere al Servizio.<\/p>\n<p>L&#8217;utente dichiara di avere pi\u00f9 di 18 anni. La Societ\u00e0 non consente ai minori di 18 anni di utilizzare il Servizio.<\/p>\n<p>L&#8217;accesso e l&#8217;utilizzo del Servizio da parte dell&#8217;Utente sono inoltre subordinati all&#8217;accettazione e al rispetto della Politica sulla privacy della Societ\u00e0. La nostra Informativa sulla privacy descrive le nostre politiche e procedure sulla raccolta, l&#8217;uso e la divulgazione dei dati personali dell&#8217;Utente quando utilizza l&#8217;Applicazione o il Sito web e informa l&#8217;Utente sui suoi diritti alla privacy e su come la legge lo protegge. Si prega di leggere attentamente la nostra Informativa sulla privacy prima di utilizzare il nostro Servizio.<\/p>\n<h3>Link ad altri siti web<\/h3>\n<p>Il nostro Servizio pu\u00f2 contenere link a siti web o servizi di terzi che non sono di propriet\u00e0 o controllati dalla Societ\u00e0.<\/p>\n<p>La Societ\u00e0 non ha alcun controllo e non si assume alcuna responsabilit\u00e0 per il contenuto, le politiche sulla privacy o le pratiche di qualsiasi sito web o servizio di terzi. L&#8217;utente riconosce e accetta inoltre che la Societ\u00e0 non sar\u00e0 responsabile, direttamente o indirettamente, per eventuali danni o perdite causati o che si presume possano essere causati da o in connessione con l&#8217;uso o l&#8217;affidamento su tali contenuti, beni o servizi disponibili su o attraverso tali siti web o servizi.<\/p>\n<p>Consigliamo vivamente all&#8217;Utente di leggere i termini e le condizioni e le politiche sulla privacy di qualsiasi sito o servizio web di terzi che l&#8217;Utente visita.<\/p>\n<h3>Terminazione<\/h3>\n<p>Possiamo interrompere o sospendere l&#8217;accesso dell&#8217;Utente immediatamente, senza preavviso o responsabilit\u00e0, per qualsiasi motivo, incluso, a titolo esemplificativo, se l&#8217;Utente viola i presenti Termini e condizioni.<\/p>\n<p>In caso di risoluzione, il diritto dell&#8217;Utente di utilizzare il Servizio cesser\u00e0 immediatamente.<\/p>\n<h3>Limitazione di responsabilit\u00e0<\/h3>\n<p>A prescindere da eventuali danni che l&#8217;Utente potrebbe subire, l&#8217;intera responsabilit\u00e0 della Societ\u00e0 e dei suoi fornitori ai sensi di qualsiasi disposizione dei presenti Termini e il rimedio esclusivo dell&#8217;Utente per tutto ci\u00f2 sar\u00e0 limitato all&#8217;importo effettivamente pagato dall&#8217;Utente tramite il Servizio o a 100 USD se l&#8217;Utente non ha acquistato nulla tramite il Servizio.<\/p>\n<p>Nella misura massima consentita dalla legge applicabile, in nessun caso la Societ\u00e0 o i suoi fornitori saranno responsabili per danni speciali, incidentali, indiretti o consequenziali di qualsiasi tipo (inclusi, ma non limitati a, danni per perdita di profitti, perdita di dati o altre informazioni, per interruzione dell&#8217;attivit\u00e0, per lesioni personali, perdita di privacy derivanti da o in qualsiasi modo correlati all&#8217;utilizzo o all&#8217;impossibilit\u00e0 di utilizzare il Servizio, il software di terzi e\/o l&#8217;hardware di terzi utilizzato con il Servizio, o comunque in relazione a qualsiasi disposizione dei presenti Termini), anche se la Societ\u00e0 o qualsiasi fornitore \u00e8 stato avvisato della possibilit\u00e0 di tali danni e anche se il rimedio fallisce il suo scopo essenziale.<\/p>\n<p>Alcuni stati non consentono l&#8217;esclusione di garanzie implicite o la limitazione di responsabilit\u00e0 per danni incidentali o consequenziali, il che significa che alcune delle limitazioni di cui sopra potrebbero non essere applicabili. In questi Stati, la responsabilit\u00e0 di ciascuna parte sar\u00e0 limitata nella misura massima consentita dalla legge.<\/p>\n<h3>&#8220;COS\u00cc COM&#8217;\u00c8&#8221; e &#8220;COME DISPONIBILE&#8221;.<\/h3>\n<p>Il Servizio viene fornito all&#8217;Utente &#8220;COS\u00cc COM&#8217;\u00c8&#8221; e &#8220;COME DISPONIBILE&#8221; e con tutti i difetti e le mancanze senza alcun tipo di garanzia. Nella misura massima consentita dalla legge applicabile, la Societ\u00e0, per conto proprio e per conto delle sue Affiliate e dei suoi rispettivi licenziatari e fornitori di servizi, declina espressamente tutte le garanzie, espresse, implicite, legali o di altro tipo, in relazione al Servizio, comprese tutte le garanzie implicite di commerciabilit\u00e0, idoneit\u00e0 per uno scopo particolare, titolarit\u00e0 e non violazione, e le garanzie che possono derivare da un comportamento commerciale, dall&#8217;esecuzione, dagli usi o dalla prassi commerciale. Senza limitazioni a quanto sopra, la Societ\u00e0 non fornisce alcuna garanzia o impegno e non dichiara in alcun modo che il Servizio soddisfer\u00e0 i requisiti dell&#8217;Utente, raggiunger\u00e0 i risultati previsti, sar\u00e0 compatibile o funzioner\u00e0 con qualsiasi altro software, applicazione, sistema o servizio, funzioner\u00e0 senza interruzioni, soddisfer\u00e0 qualsiasi standard di prestazione o affidabilit\u00e0 o sar\u00e0 privo di errori o che qualsiasi errore o difetto potr\u00e0 o sar\u00e0 corretto.<\/p>\n<p>Senza limitare quanto sopra, n\u00e9 la Societ\u00e0 n\u00e9 alcuno dei suoi fornitori rilascia alcuna dichiarazione o garanzia di alcun tipo, espressa o implicita: (i) in merito al funzionamento o alla disponibilit\u00e0 del Servizio, o alle informazioni, ai contenuti, ai materiali o ai prodotti ivi inclusi; (ii) che il Servizio sar\u00e0 ininterrotto o privo di errori; (iii) per quanto riguarda l&#8217;accuratezza, l&#8217;affidabilit\u00e0 o l&#8217;attualit\u00e0 di qualsiasi informazione o contenuto fornito attraverso il Servizio; oppure (iv) che il Servizio, i suoi server, il contenuto o le e-mail inviate da o per conto della Societ\u00e0 siano privi di virus, script, cavalli di Troia, worm, malware, timebomb o altri componenti dannosi.<\/p>\n<p>Alcune giurisdizioni non consentono l&#8217;esclusione di alcuni tipi di garanzie o limitazioni dei diritti legali applicabili a un consumatore, pertanto alcune o tutte le esclusioni e limitazioni di cui sopra potrebbero non essere applicabili all&#8217;Utente. In tal caso, tuttavia, le esclusioni e le limitazioni di cui alla presente sezione saranno applicate nella massima misura possibile ai sensi della legge applicabile.<\/p>\n<h3>Legge applicabile<\/h3>\n<p>The laws of the Country, excluding its conflicts of law rules, shall govern this Terms and Your use of the Service. L&#8217;utilizzo dell&#8217;Applicazione da parte dell&#8217;utente pu\u00f2 essere soggetto anche ad altre leggi locali, statali, nazionali o internazionali.<\/p>\n<h3>Disputes Resolution<\/h3>\n<p>If You have any concern or dispute about the Service, You agree to first try to resolve the dispute informally by contacting the Company.<\/p>\n<h3>For European Union (EU) Users<\/h3>\n<p>If You are a European Union consumer, you will benefit from any mandatory provisions of the law of the country in which You are resident.<\/p>\n<h3>United States Legal Compliance<\/h3>\n<p>You represent and warrant that (i) Non si trova in un paese soggetto a embargo da parte del governo degli Stati Uniti, o che \u00e8 stato designato dal governo degli Stati Uniti come paese &#8220;sostenitore del terrorismo&#8221;, e (ii) L&#8217;utente non figura in alcun elenco del governo degli Stati Uniti di parti vietate o soggette a restrizioni.<\/p>\n<h3>Separabilit\u00e0 e rinuncia<\/h3>\n<h4>Severability<\/h4>\n<p>If any provision of these Terms is held to be unenforceable or invalid, such provision will be changed and interpreted to accomplish the objectives of such provision to the greatest extent possible under applicable law and the remaining provisions will continue in full force and effect.<\/p>\n<h4>Waiver<\/h4>\n<p>Salvo quanto previsto nel presente documento, il mancato esercizio di un diritto o la mancata richiesta di adempimento di un obbligo ai sensi dei presenti Termini non pregiudicher\u00e0 la possibilit\u00e0 di una parte di esercitare tale diritto o di richiedere tale adempimento in qualsiasi momento successivo, n\u00e9 la rinuncia a una violazione costituir\u00e0 una rinuncia a qualsiasi violazione successiva.<\/p>\n<h3>Traduzione Interpretazione<\/h3>\n<p>I presenti Termini e condizioni possono essere stati tradotti se sono stati messi a disposizione dell&#8217;utente sul nostro Servizio.<br \/>\nL&#8217;utente accetta che il testo originale in inglese prevalga in caso di controversia.<\/p>\n<h3>Modifiche ai presenti Termini e condizioni<\/h3>\n<p>Ci riserviamo il diritto, a nostra esclusiva discrezione, di modificare o sostituire le presenti Condizioni in qualsiasi momento. Se la revisione \u00e8 sostanziale, faremo il possibile per fornire un preavviso di almeno 30 giorni prima dell&#8217;entrata in vigore dei nuovi termini. Ci\u00f2 che costituisce una modifica sostanziale sar\u00e0 determinato a Nostra esclusiva discrezione.<\/p>\n<p>Continuando ad accedere o a utilizzare il nostro Servizio dopo l&#8217;entrata in vigore di tali revisioni, l&#8217;utente accetta di essere vincolato ai termini rivisti. Se l&#8217;Utente non accetta i nuovi termini, in tutto o in parte, \u00e8 pregato di smettere di utilizzare il sito web e il Servizio.<\/p>\n<h3>Contatto<\/h3>\n<p>In caso di domande sui presenti Termini e condizioni, \u00e8 possibile contattarci:<\/p>\n<ul>\n<li>Per e-mail: info@sidi-international.org<\/li>\n<li>Visitando questa pagina del nostro sito web: <a href=\"https:\/\/impax.sidi-international.org\/contact-us\/\" target=\"_blank\" rel=\"external nofollow noopener\">https:\/\/impax.sidi-international.org\/contact-us\/<\/a><\/li>\n<\/ul>\n[\/vc_column_text][\/vc_column][\/vc_row]\n","protected":false},"excerpt":{"rendered":"<p>[vc_row type=&#8221;in_container&#8221; full_screen_row_position=&#8221;middle&#8221; column_margin=&#8221;default&#8221; column_direction=&#8221;default&#8221; column_direction_tablet=&#8221;default&#8221; column_direction_phone=&#8221;default&#8221; scene_position=&#8221;center&#8221; bottom_padding=&#8221;80px&#8221; left_padding_desktop=&#8221;4vw&#8221; right_padding_desktop=&#8221;4vw&#8221; text_color=&#8221;dark&#8221; text_align=&#8221;left&#8221; row_border_radius=&#8221;none&#8221; row_border_radius_applies=&#8221;bg&#8221; overflow=&#8221;visible&#8221; overlay_strength=&#8221;0.3&#8243; gradient_direction=&#8221;left_to_right&#8221; shape_divider_position=&#8221;bottom&#8221; bg_image_animation=&#8221;none&#8221; gradient_type=&#8221;default&#8221; shape_type=&#8221;&#8221;][vc_column column_padding=&#8221;no-extra-padding&#8221; column_padding_tablet=&#8221;inherit&#8221; column_padding_phone=&#8221;inherit&#8221; column_padding_position=&#8221;all&#8221; column_element_direction_desktop=&#8221;default&#8221; column_element_spacing=&#8221;default&#8221; desktop_text_alignment=&#8221;default&#8221; tablet_text_alignment=&#8221;default&#8221;&#8230;<\/p>\n","protected":false},"author":3,"featured_media":0,"parent":0,"menu_order":0,"comment_status":"closed","ping_status":"closed","template":"","meta":{"content-type":"","footnotes":""},"class_list":["post-836","page","type-page","status-publish"],"yoast_head":"<!-- This site is optimized with the Yoast SEO plugin v27.5 - https:\/\/yoast.com\/product\/yoast-seo-wordpress\/ -->\n<title>Termini di servizio - impaX - AI Business Consultant<\/title>\n<meta name=\"robots\" content=\"index, follow, max-snippet:-1, max-image-preview:large, max-video-preview:-1\" \/>\n<link rel=\"canonical\" href=\"https:\/\/impax.sidi-international.org\/it\/termini-di-servizio\/\" \/>\n<meta property=\"og:locale\" content=\"it_IT\" \/>\n<meta property=\"og:type\" content=\"article\" \/>\n<meta property=\"og:title\" content=\"Termini di servizio - impaX - AI Business Consultant\" \/>\n<meta property=\"og:description\" content=\"[vc_row type=&#8221;in_container&#8221; full_screen_row_position=&#8221;middle&#8221; column_margin=&#8221;default&#8221; column_direction=&#8221;default&#8221; column_direction_tablet=&#8221;default&#8221; column_direction_phone=&#8221;default&#8221; scene_position=&#8221;center&#8221; bottom_padding=&#8221;80px&#8221; left_padding_desktop=&#8221;4vw&#8221; right_padding_desktop=&#8221;4vw&#8221; text_color=&#8221;dark&#8221; text_align=&#8221;left&#8221; row_border_radius=&#8221;none&#8221; row_border_radius_applies=&#8221;bg&#8221; overflow=&#8221;visible&#8221; overlay_strength=&#8221;0.3&#8243; gradient_direction=&#8221;left_to_right&#8221; shape_divider_position=&#8221;bottom&#8221; bg_image_animation=&#8221;none&#8221; gradient_type=&#8221;default&#8221; shape_type=&#8221;&#8221;][vc_column column_padding=&#8221;no-extra-padding&#8221; column_padding_tablet=&#8221;inherit&#8221; column_padding_phone=&#8221;inherit&#8221; column_padding_position=&#8221;all&#8221; column_element_direction_desktop=&#8221;default&#8221; column_element_spacing=&#8221;default&#8221; desktop_text_alignment=&#8221;default&#8221; tablet_text_alignment=&#8221;default&#8221;...\" \/>\n<meta property=\"og:url\" content=\"https:\/\/impax.sidi-international.org\/it\/termini-di-servizio\/\" \/>\n<meta property=\"og:site_name\" content=\"impaX - AI Business Consultant\" \/>\n<meta property=\"article:modified_time\" content=\"2024-06-25T17:21:45+00:00\" \/>\n<meta name=\"twitter:card\" content=\"summary_large_image\" \/>\n<meta name=\"twitter:label1\" content=\"Tempo di lettura stimato\" \/>\n\t<meta name=\"twitter:data1\" content=\"9 minuti\" \/>\n<script type=\"application\/ld+json\" class=\"yoast-schema-graph\">{\"@context\":\"https:\\\/\\\/schema.org\",\"@graph\":[{\"@type\":\"WebPage\",\"@id\":\"https:\\\/\\\/impax.sidi-international.org\\\/it\\\/termini-di-servizio\\\/\",\"url\":\"https:\\\/\\\/impax.sidi-international.org\\\/it\\\/termini-di-servizio\\\/\",\"name\":\"Termini di servizio - impaX - AI Business Consultant\",\"isPartOf\":{\"@id\":\"https:\\\/\\\/impax.sidi-international.org\\\/it\\\/#website\"},\"datePublished\":\"2024-06-18T19:40:13+00:00\",\"dateModified\":\"2024-06-25T17:21:45+00:00\",\"breadcrumb\":{\"@id\":\"https:\\\/\\\/impax.sidi-international.org\\\/it\\\/termini-di-servizio\\\/#breadcrumb\"},\"inLanguage\":\"it-IT\",\"potentialAction\":[{\"@type\":\"ReadAction\",\"target\":[\"https:\\\/\\\/impax.sidi-international.org\\\/it\\\/termini-di-servizio\\\/\"]}]},{\"@type\":\"BreadcrumbList\",\"@id\":\"https:\\\/\\\/impax.sidi-international.org\\\/it\\\/termini-di-servizio\\\/#breadcrumb\",\"itemListElement\":[{\"@type\":\"ListItem\",\"position\":1,\"name\":\"Home\",\"item\":\"https:\\\/\\\/impax.sidi-international.org\\\/it\\\/\"},{\"@type\":\"ListItem\",\"position\":2,\"name\":\"Termini di servizio\"}]},{\"@type\":\"WebSite\",\"@id\":\"https:\\\/\\\/impax.sidi-international.org\\\/it\\\/#website\",\"url\":\"https:\\\/\\\/impax.sidi-international.org\\\/it\\\/\",\"name\":\"impaX - AI Business Consultant\",\"description\":\"AI Business Consultant\",\"potentialAction\":[{\"@type\":\"SearchAction\",\"target\":{\"@type\":\"EntryPoint\",\"urlTemplate\":\"https:\\\/\\\/impax.sidi-international.org\\\/it\\\/?s={search_term_string}\"},\"query-input\":{\"@type\":\"PropertyValueSpecification\",\"valueRequired\":true,\"valueName\":\"search_term_string\"}}],\"inLanguage\":\"it-IT\"}]}<\/script>\n<!-- \/ Yoast SEO plugin. -->","yoast_head_json":{"title":"Termini di servizio - impaX - AI Business Consultant","robots":{"index":"index","follow":"follow","max-snippet":"max-snippet:-1","max-image-preview":"max-image-preview:large","max-video-preview":"max-video-preview:-1"},"canonical":"https:\/\/impax.sidi-international.org\/it\/termini-di-servizio\/","og_locale":"it_IT","og_type":"article","og_title":"Termini di servizio - impaX - AI Business Consultant","og_description":"[vc_row type=&#8221;in_container&#8221; full_screen_row_position=&#8221;middle&#8221; column_margin=&#8221;default&#8221; column_direction=&#8221;default&#8221; column_direction_tablet=&#8221;default&#8221; column_direction_phone=&#8221;default&#8221; scene_position=&#8221;center&#8221; bottom_padding=&#8221;80px&#8221; left_padding_desktop=&#8221;4vw&#8221; right_padding_desktop=&#8221;4vw&#8221; text_color=&#8221;dark&#8221; text_align=&#8221;left&#8221; row_border_radius=&#8221;none&#8221; row_border_radius_applies=&#8221;bg&#8221; overflow=&#8221;visible&#8221; overlay_strength=&#8221;0.3&#8243; gradient_direction=&#8221;left_to_right&#8221; shape_divider_position=&#8221;bottom&#8221; bg_image_animation=&#8221;none&#8221; gradient_type=&#8221;default&#8221; shape_type=&#8221;&#8221;][vc_column column_padding=&#8221;no-extra-padding&#8221; column_padding_tablet=&#8221;inherit&#8221; column_padding_phone=&#8221;inherit&#8221; column_padding_position=&#8221;all&#8221; column_element_direction_desktop=&#8221;default&#8221; column_element_spacing=&#8221;default&#8221; desktop_text_alignment=&#8221;default&#8221; tablet_text_alignment=&#8221;default&#8221;...","og_url":"https:\/\/impax.sidi-international.org\/it\/termini-di-servizio\/","og_site_name":"impaX - AI Business Consultant","article_modified_time":"2024-06-25T17:21:45+00:00","twitter_card":"summary_large_image","twitter_misc":{"Tempo di lettura stimato":"9 minuti"},"schema":{"@context":"https:\/\/schema.org","@graph":[{"@type":"WebPage","@id":"https:\/\/impax.sidi-international.org\/it\/termini-di-servizio\/","url":"https:\/\/impax.sidi-international.org\/it\/termini-di-servizio\/","name":"Termini di servizio - impaX - AI Business Consultant","isPartOf":{"@id":"https:\/\/impax.sidi-international.org\/it\/#website"},"datePublished":"2024-06-18T19:40:13+00:00","dateModified":"2024-06-25T17:21:45+00:00","breadcrumb":{"@id":"https:\/\/impax.sidi-international.org\/it\/termini-di-servizio\/#breadcrumb"},"inLanguage":"it-IT","potentialAction":[{"@type":"ReadAction","target":["https:\/\/impax.sidi-international.org\/it\/termini-di-servizio\/"]}]},{"@type":"BreadcrumbList","@id":"https:\/\/impax.sidi-international.org\/it\/termini-di-servizio\/#breadcrumb","itemListElement":[{"@type":"ListItem","position":1,"name":"Home","item":"https:\/\/impax.sidi-international.org\/it\/"},{"@type":"ListItem","position":2,"name":"Termini di servizio"}]},{"@type":"WebSite","@id":"https:\/\/impax.sidi-international.org\/it\/#website","url":"https:\/\/impax.sidi-international.org\/it\/","name":"impaX - AI Business Consultant","description":"AI Business Consultant","potentialAction":[{"@type":"SearchAction","target":{"@type":"EntryPoint","urlTemplate":"https:\/\/impax.sidi-international.org\/it\/?s={search_term_string}"},"query-input":{"@type":"PropertyValueSpecification","valueRequired":true,"valueName":"search_term_string"}}],"inLanguage":"it-IT"}]}},"_links":{"self":[{"href":"https:\/\/impax.sidi-international.org\/it\/wp-json\/wp\/v2\/pages\/836","targetHints":{"allow":["GET"]}}],"collection":[{"href":"https:\/\/impax.sidi-international.org\/it\/wp-json\/wp\/v2\/pages"}],"about":[{"href":"https:\/\/impax.sidi-international.org\/it\/wp-json\/wp\/v2\/types\/page"}],"author":[{"embeddable":true,"href":"https:\/\/impax.sidi-international.org\/it\/wp-json\/wp\/v2\/users\/3"}],"replies":[{"embeddable":true,"href":"https:\/\/impax.sidi-international.org\/it\/wp-json\/wp\/v2\/comments?post=836"}],"version-history":[{"count":1,"href":"https:\/\/impax.sidi-international.org\/it\/wp-json\/wp\/v2\/pages\/836\/revisions"}],"predecessor-version":[{"id":840,"href":"https:\/\/impax.sidi-international.org\/it\/wp-json\/wp\/v2\/pages\/836\/revisions\/840"}],"wp:attachment":[{"href":"https:\/\/impax.sidi-international.org\/it\/wp-json\/wp\/v2\/media?parent=836"}],"curies":[{"name":"wp","href":"https:\/\/api.w.org\/{rel}","templated":true}]}}